{"id":101,"date":"2023-06-21T15:12:57","date_gmt":"2023-06-21T15:12:57","guid":{"rendered":"https:\/\/jgapartments.com\/?page_id=101"},"modified":"2023-06-27T16:58:40","modified_gmt":"2023-06-27T16:58:40","slug":"bar-and-restaurant","status":"publish","type":"page","link":"https:\/\/jgapartments.com\/index.php\/bar-and-restaurant\/","title":{"rendered":"Termos e Condi\u00e7\u00f5es"},"content":{"rendered":"","protected":false},"excerpt":{"rendered":"<p>Aqui pode consultar os termos e condi\u00e7\u00f5es dos nossos apartamentos!<\/p>\n","protected":false},"author":1,"featured_media":303,"parent":0,"menu_order":0,"comment_status":"open","ping_status":"open","template":"","meta":[],"_links":{"self":[{"href":"https:\/\/jgapartments.com\/index.php\/wp-json\/wp\/v2\/pages\/101"}],"collection":[{"href":"https:\/\/jgapartments.com\/index.php\/wp-json\/wp\/v2\/pages"}],"about":[{"href":"https:\/\/jgapartments.com\/index.php\/wp-json\/wp\/v2\/types\/page"}],"author":[{"embeddable":true,"href":"https:\/\/jgapartments.com\/index.php\/wp-json\/wp\/v2\/users\/1"}],"replies":[{"embeddable":true,"href":"https:\/\/jgapartments.com\/index.php\/wp-json\/wp\/v2\/comments?post=101"}],"version-history":[{"count":3,"href":"https:\/\/jgapartments.com\/index.php\/wp-json\/wp\/v2\/pages\/101\/revisions"}],"predecessor-version":[{"id":308,"href":"https:\/\/jgapartments.com\/index.php\/wp-json\/wp\/v2\/pages\/101\/revisions\/308"}],"wp:featuredmedia":[{"embeddable":true,"href":"https:\/\/jgapartments.com\/index.php\/wp-json\/wp\/v2\/media\/303"}],"wp:attachment":[{"href":"https:\/\/jgapartments.com\/index.php\/wp-json\/wp\/v2\/media?parent=101"}],"curies":[{"name":"wp","href":"https:\/\/api.w.org\/{rel}","templated":true}]}}